{"id":443,"date":"2026-03-16T14:38:51","date_gmt":"2026-03-16T14:38:51","guid":{"rendered":"https:\/\/sidec-ci.net\/?page_id=443"},"modified":"2026-03-16T16:39:08","modified_gmt":"2026-03-16T16:39:08","slug":"demande-de-devis-conteneurs-prefabriques","status":"publish","type":"page","link":"https:\/\/sidec-ci.net\/index.php\/demande-de-devis-conteneurs-prefabriques\/","title":{"rendered":"Devis &#8211; Conteneurs et Constructions Pr\u00e9fabriqu\u00e9s"},"content":{"rendered":"\t\t<div data-elementor-type=\"wp-page\" data-elementor-id=\"443\" class=\"elementor elementor-443\" data-elementor-settings=\"{&quot;ha_cmc_init_switcher&quot;:&quot;no&quot;}\">\n\t\t\t\t<div class=\"elementor-element elementor-element-189d3925 e-flex e-con-boxed wpr-particle-no wpr-jarallax-no wpr-parallax-no wpr-sticky-section-no e-con e-parent\" data-id=\"189d3925\" data-element_type=\"container\" data-settings=\"{&quot;background_background&quot;:&quot;classic&quot;,&quot;_ha_eqh_enable&quot;:false}\">\n\t\t\t\t\t<div class=\"e-con-inner\">\n\t\t<div class=\"elementor-element elementor-element-7b513bbf e-con-full e-flex wpr-particle-no wpr-jarallax-no wpr-parallax-no wpr-sticky-section-no e-con e-child\" data-id=\"7b513bbf\" data-element_type=\"container\" data-settings=\"{&quot;background_background&quot;:&quot;classic&quot;,&quot;_ha_eqh_enable&quot;:false}\">\n\t\t\t\t<div class=\"elementor-element elementor-element-61de9917 elementor-widget elementor-widget-elementskit-heading\" data-id=\"61de9917\" data-element_type=\"widget\" data-widget_type=\"elementskit-heading.default\">\n\t\t\t\t\t<div class=\"ekit-wid-con\" ><div class=\"ekit-heading elementskit-section-title-wraper text_left   ekit_heading_tablet-   ekit_heading_mobile-\"><div class=\"ekit_heading_separetor_wraper ekit_heading_elementskit-border-divider elementskit-style-long\"><div class=\"elementskit-border-divider elementskit-style-long\"><\/div><\/div><h2 class=\"ekit-heading--title elementskit-section-title \">DEMANDE DE DEVIS - <\/h2>\t\t\t\t<div class='ekit-heading__description'>\n\t\t\t\t\t<p>Constructions Pr\u00e9fabriqu\u00e9es \/ Conteneurs Pr\u00e9fabriqu\u00e9s<\/p>\n\t\t\t\t<\/div>\n\t\t\t<\/div><\/div>\t\t\t\t<\/div>\n\t\t\t\t<div class=\"elementor-element elementor-element-a20f3d3 eael-contact-form-7-button-align-left eael-contact-form-7-button-custom elementor-widget elementor-widget-eael-contact-form-7\" data-id=\"a20f3d3\" data-element_type=\"widget\" data-widget_type=\"eael-contact-form-7.default\">\n\t\t\t\t\t<div class=\"eael-contact-form-7-wrapper\">\n                <div class=\"eael-contact-form eael-contact-form-7 eael-contact-form-a20f3d3 placeholder-show eael-contact-form-align-default\">\n<div class=\"wpcf7 no-js\" id=\"wpcf7-f442-o1\" lang=\"fr-FR\" dir=\"ltr\" data-wpcf7-id=\"442\">\n<div class=\"screen-reader-response\"><p role=\"status\" aria-live=\"polite\" aria-atomic=\"true\"><\/p> <ul><\/ul><\/div>\n<form action=\"\/index.php\/wp-json\/wp\/v2\/pages\/443#wpcf7-f442-o1\" method=\"post\" class=\"wpcf7-form init\" aria-label=\"Formulaire de contact\" enctype=\"multipart\/form-data\" novalidate=\"novalidate\" data-status=\"init\">\n<fieldset class=\"hidden-fields-container\"><input type=\"hidden\" name=\"_wpcf7\" value=\"442\" \/><input type=\"hidden\" name=\"_wpcf7_version\" value=\"6.1.4\" \/><input type=\"hidden\" name=\"_wpcf7_locale\" value=\"fr_FR\" \/><input type=\"hidden\" name=\"_wpcf7_unit_tag\" value=\"wpcf7-f442-o1\" \/><input type=\"hidden\" name=\"_wpcf7_container_post\" value=\"0\" \/><input type=\"hidden\" name=\"_wpcf7_posted_data_hash\" value=\"\" \/>\n<\/fieldset>\n<p><label> Objet<br \/>\n<span class=\"wpcf7-form-control-wrap\" data-name=\"your-subject\"><input size=\"40\" maxlength=\"400\" class=\"wpcf7-form-control wpcf7-text wpcf7-validates-as-required\" aria-required=\"true\" aria-invalid=\"false\" value=\"\" type=\"text\" name=\"your-subject\" \/><\/span> <\/label>\n<\/p>\n<h5 style=\"color: orange;\">1. Informations personnelles\n<\/h5>\n<p><label> Nom et Pr\u00e9nom*<br \/>\n<span class=\"wpcf7-form-control-wrap\" data-name=\"your-name\"><input size=\"40\" maxlength=\"400\" class=\"wpcf7-form-control wpcf7-text wpcf7-validates-as-required\" autocomplete=\"name\" aria-required=\"true\" aria-invalid=\"false\" value=\"\" type=\"text\" name=\"your-name\" \/><\/span> <\/label>\n<\/p>\n<p><label> Entreprise \/ Organisation (optionnel)<br \/>\n<span class=\"wpcf7-form-control-wrap\" data-name=\"text-443\"><input size=\"40\" maxlength=\"400\" class=\"wpcf7-form-control wpcf7-text\" aria-invalid=\"false\" value=\"\" type=\"text\" name=\"text-443\" \/><\/span> <\/label>\n<\/p>\n<p><label> Fonction (optionnel)<br \/>\n<span class=\"wpcf7-form-control-wrap\" data-name=\"text-155\"><input size=\"40\" maxlength=\"400\" class=\"wpcf7-form-control wpcf7-text\" aria-invalid=\"false\" value=\"\" type=\"text\" name=\"text-155\" \/><\/span> <\/label>\n<\/p>\n<p><label> T\u00e9l\u00e9phone*<br \/>\n<span class=\"wpcf7-form-control-wrap\" data-name=\"tel-78\"><input size=\"40\" maxlength=\"400\" class=\"wpcf7-form-control wpcf7-tel wpcf7-validates-as-required wpcf7-text wpcf7-validates-as-tel\" aria-required=\"true\" aria-invalid=\"false\" value=\"\" type=\"tel\" name=\"tel-78\" \/><\/span> <\/label>\n<\/p>\n<p><label> E-mail*<br \/>\n<span class=\"wpcf7-form-control-wrap\" data-name=\"your-email\"><input size=\"40\" maxlength=\"400\" class=\"wpcf7-form-control wpcf7-email wpcf7-validates-as-required wpcf7-text wpcf7-validates-as-email\" autocomplete=\"email\" aria-required=\"true\" aria-invalid=\"false\" value=\"\" type=\"email\" name=\"your-email\" \/><\/span> <\/label>\n<\/p>\n<p><label> Localisation du projet (Ville \/ Commune)*<br \/>\n<span class=\"wpcf7-form-control-wrap\" data-name=\"text-408\"><input size=\"40\" maxlength=\"400\" class=\"wpcf7-form-control wpcf7-text wpcf7-validates-as-required\" aria-required=\"true\" aria-invalid=\"false\" value=\"\" type=\"text\" name=\"text-408\" \/><\/span> <\/label>\n<\/p>\n<h5 style=\"color: orange;\">2. Type de solution souhait\u00e9e\n<\/h5>\n<p><span class=\"wpcf7-form-control-wrap\" data-name=\"checkbox-860\"><span class=\"wpcf7-form-control wpcf7-checkbox wpcf7-validates-as-required\"><span class=\"wpcf7-list-item first\"><label><input type=\"checkbox\" name=\"checkbox-860[]\" value=\"Conteneur Bureau\" \/><span class=\"wpcf7-list-item-label\">Conteneur Bureau<\/span><\/label><\/span><span class=\"wpcf7-list-item\"><label><input type=\"checkbox\" name=\"checkbox-860[]\" value=\"Conteneur Boutique\" \/><span class=\"wpcf7-list-item-label\">Conteneur Boutique<\/span><\/label><\/span><span class=\"wpcf7-list-item\"><label><input type=\"checkbox\" name=\"checkbox-860[]\" value=\"Conteneur Logement\" \/><span class=\"wpcf7-list-item-label\">Conteneur Logement<\/span><\/label><\/span><span class=\"wpcf7-list-item\"><label><input type=\"checkbox\" name=\"checkbox-860[]\" value=\"Conteneur R\u00e9fectoire\" \/><span class=\"wpcf7-list-item-label\">Conteneur R\u00e9fectoire<\/span><\/label><\/span><span class=\"wpcf7-list-item\"><label><input type=\"checkbox\" name=\"checkbox-860[]\" value=\"Conteneur WC\/Douches\" \/><span class=\"wpcf7-list-item-label\">Conteneur WC\/Douches<\/span><\/label><\/span><span class=\"wpcf7-list-item\"><label><input type=\"checkbox\" name=\"checkbox-860[]\" value=\"Conteneur Technique\" \/><span class=\"wpcf7-list-item-label\">Conteneur Technique<\/span><\/label><\/span><span class=\"wpcf7-list-item\"><label><input type=\"checkbox\" name=\"checkbox-860[]\" value=\"Conteneur R+1\" \/><span class=\"wpcf7-list-item-label\">Conteneur R+1<\/span><\/label><\/span><span class=\"wpcf7-list-item last\"><label><input type=\"checkbox\" name=\"checkbox-860[]\" value=\"Autre\" \/><span class=\"wpcf7-list-item-label\">Autre<\/span><\/label><\/span><\/span><\/span>\n<\/p>\n<p><label> Pr\u00e9ciser si Autre solution souhait\u00e9e<br \/>\n<span class=\"wpcf7-form-control-wrap\" data-name=\"text-648\"><input size=\"40\" maxlength=\"400\" class=\"wpcf7-form-control wpcf7-text\" aria-invalid=\"false\" value=\"\" type=\"text\" name=\"text-648\" \/><\/span> <\/label>\n<\/p>\n<h5 style=\"color: orange;\">3. Dimensions souhait\u00e9es\n<\/h5>\n<p><span class=\"wpcf7-form-control-wrap\" data-name=\"radio-148\"><span class=\"wpcf7-form-control wpcf7-radio\"><span class=\"wpcf7-list-item first\"><label><input type=\"radio\" name=\"radio-148\" value=\"20 pieds\" \/><span class=\"wpcf7-list-item-label\">20 pieds<\/span><\/label><\/span><span class=\"wpcf7-list-item\"><label><input type=\"radio\" name=\"radio-148\" value=\"40 pieds\" \/><span class=\"wpcf7-list-item-label\">40 pieds<\/span><\/label><\/span><span class=\"wpcf7-list-item\"><label><input type=\"radio\" name=\"radio-148\" value=\"R+1 (20\/40 pieds)\" \/><span class=\"wpcf7-list-item-label\">R+1 (20\/40 pieds)<\/span><\/label><\/span><span class=\"wpcf7-list-item last\"><label><input type=\"radio\" name=\"radio-148\" value=\"Autres Dimensions\" \/><span class=\"wpcf7-list-item-label\">Autres Dimensions<\/span><\/label><\/span><\/span><\/span>\n<\/p>\n<p><label> Pr\u00e9ciser si Autres dimensions<br \/>\n<span class=\"wpcf7-form-control-wrap\" data-name=\"text-341\"><input size=\"40\" maxlength=\"400\" class=\"wpcf7-form-control wpcf7-text\" aria-invalid=\"false\" value=\"\" type=\"text\" name=\"text-341\" \/><\/span> <\/label>\n<\/p>\n<h5 style=\"color: orange;\">4. Niveau de finition\n<\/h5>\n<p><span class=\"wpcf7-form-control-wrap\" data-name=\"checkbox-858\"><span class=\"wpcf7-form-control wpcf7-checkbox wpcf7-validates-as-required\"><span class=\"wpcf7-list-item first\"><label><input type=\"checkbox\" name=\"checkbox-858[]\" value=\"Standard\" \/><span class=\"wpcf7-list-item-label\">Standard<\/span><\/label><\/span><span class=\"wpcf7-list-item\"><label><input type=\"checkbox\" name=\"checkbox-858[]\" value=\"Premium\" \/><span class=\"wpcf7-list-item-label\">Premium<\/span><\/label><\/span><span class=\"wpcf7-list-item last\"><label><input type=\"checkbox\" name=\"checkbox-858[]\" value=\"Haut Standing\" \/><span class=\"wpcf7-list-item-label\">Haut Standing<\/span><\/label><\/span><\/span><\/span>\n<\/p>\n<h5 style=\"color: orange;\">5. Besoins Sp\u00e9cifiques\n<\/h5>\n<p><span class=\"wpcf7-form-control-wrap\" data-name=\"checkbox-155\"><span class=\"wpcf7-form-control wpcf7-checkbox\"><span class=\"wpcf7-list-item first\"><label><input type=\"checkbox\" name=\"checkbox-155[]\" value=\"Climatisation\" \/><span class=\"wpcf7-list-item-label\">Climatisation<\/span><\/label><\/span><span class=\"wpcf7-list-item\"><label><input type=\"checkbox\" name=\"checkbox-155[]\" value=\"Electricit\u00e9 compl\u00e8te\" \/><span class=\"wpcf7-list-item-label\">Electricit\u00e9 compl\u00e8te<\/span><\/label><\/span><span class=\"wpcf7-list-item\"><label><input type=\"checkbox\" name=\"checkbox-155[]\" value=\"Prises &amp; \u00e9clairage\" \/><span class=\"wpcf7-list-item-label\">Prises &amp; \u00e9clairage<\/span><\/label><\/span><span class=\"wpcf7-list-item\"><label><input type=\"checkbox\" name=\"checkbox-155[]\" value=\"Fausse toiture\" \/><span class=\"wpcf7-list-item-label\">Fausse toiture<\/span><\/label><\/span><span class=\"wpcf7-list-item\"><label><input type=\"checkbox\" name=\"checkbox-155[]\" value=\"Isolation thermique\" \/><span class=\"wpcf7-list-item-label\">Isolation thermique<\/span><\/label><\/span><span class=\"wpcf7-list-item\"><label><input type=\"checkbox\" name=\"checkbox-155[]\" value=\"Peinture ext\u00e9rieure\" \/><span class=\"wpcf7-list-item-label\">Peinture ext\u00e9rieure<\/span><\/label><\/span><span class=\"wpcf7-list-item\"><label><input type=\"checkbox\" name=\"checkbox-155[]\" value=\"Rev\u00eatement de sol\" \/><span class=\"wpcf7-list-item-label\">Rev\u00eatement de sol<\/span><\/label><\/span><span class=\"wpcf7-list-item\"><label><input type=\"checkbox\" name=\"checkbox-155[]\" value=\"Installation de fen\u00eatres\" \/><span class=\"wpcf7-list-item-label\">Installation de fen\u00eatres<\/span><\/label><\/span><span class=\"wpcf7-list-item\"><label><input type=\"checkbox\" name=\"checkbox-155[]\" value=\"Portes suppl\u00e9mentaires\" \/><span class=\"wpcf7-list-item-label\">Portes suppl\u00e9mentaires<\/span><\/label><\/span><span class=\"wpcf7-list-item\"><label><input type=\"checkbox\" name=\"checkbox-155[]\" value=\"Plan d&#039;architecture (optionnel)\" \/><span class=\"wpcf7-list-item-label\">Plan d&#039;architecture (optionnel)<\/span><\/label><\/span><span class=\"wpcf7-list-item last\"><label><input type=\"checkbox\" name=\"checkbox-155[]\" value=\"Autres\" \/><span class=\"wpcf7-list-item-label\">Autres<\/span><\/label><\/span><\/span><\/span>\n<\/p>\n<p><label> Pr\u00e9ciser si Autres besoins<br \/>\n<span class=\"wpcf7-form-control-wrap\" data-name=\"text-694\"><input size=\"40\" maxlength=\"400\" class=\"wpcf7-form-control wpcf7-text\" aria-invalid=\"false\" value=\"\" type=\"text\" name=\"text-694\" \/><\/span> <\/label>\n<\/p>\n<h5 style=\"color: orange;\">6. Description du projet\n<\/h5>\n<p><label> Exemple: Utilisation du conteneur, nombre souhait\u00e9, d\u00e9lais, contraintes du site...<br \/>\n<span class=\"wpcf7-form-control-wrap\" data-name=\"your-message\"><textarea cols=\"40\" rows=\"10\" maxlength=\"2000\" class=\"wpcf7-form-control wpcf7-textarea wpcf7-validates-as-required\" aria-required=\"true\" aria-invalid=\"false\" name=\"your-message\"><\/textarea><\/span> <\/label>\n<\/p>\n<h5 style=\"color: orange;\">7. Date souhait\u00e9e de livaison \/ installation\n<\/h5>\n<p><span class=\"wpcf7-form-control-wrap\" data-name=\"date-607\"><input class=\"wpcf7-form-control wpcf7-date wpcf7-validates-as-required wpcf7-validates-as-date\" aria-required=\"true\" aria-invalid=\"false\" value=\"\" type=\"date\" name=\"date-607\" \/><\/span>\n<\/p>\n<h5 style=\"color: orange;\">8. T\u00e9l\u00e9chargement de documents (optionnel) Plan \/ Photo du site \/ Cahier de charges\n<\/h5>\n<p><span class=\"wpcf7-form-control-wrap\" data-name=\"file-330\"><input size=\"40\" class=\"wpcf7-form-control wpcf7-file\" accept=\"audio\/*,video\/*,image\/*\" aria-invalid=\"false\" type=\"file\" name=\"file-330\" \/><\/span>\n<\/p>\n<h5 style=\"color: orange;\">9. Consentement\n<\/h5>\n<p><span class=\"wpcf7-form-control-wrap\" data-name=\"acceptance-415\"><span class=\"wpcf7-form-control wpcf7-acceptance\"><span class=\"wpcf7-list-item\"><label><input type=\"checkbox\" name=\"acceptance-415\" value=\"1\" aria-invalid=\"false\" \/><span class=\"wpcf7-list-item-label\">J'accepte d'\u00eatre contact\u00e9 par SIDEC pour finaliser mon devis.<\/span><\/label><\/span><\/span><\/span>\n<\/p>\n<p><input class=\"wpcf7-form-control wpcf7-submit has-spinner\" type=\"submit\" value=\"Obtenir mon devis\" \/>\n<\/p><div class=\"wpcf7-response-output\" aria-hidden=\"true\"><\/div>\n<\/form>\n<\/div>\n<\/div>\n            <\/div>\t\t\t\t<\/div>\n\t\t\t\t<\/div>\n\t\t\t\t\t<\/div>\n\t\t\t\t<\/div>\n\t\t\t\t<\/div>\n\t\t","protected":false},"excerpt":{"rendered":"<p>DEMANDE DE DEVIS &#8211; Constructions Pr\u00e9fabriqu\u00e9es \/ Conteneurs Pr\u00e9fabriqu\u00e9s Objet 1. Informations personnelles Nom et Pr\u00e9nom* Entreprise \/ Organisation (optionnel) Fonction (optionnel) T\u00e9l\u00e9phone* E-mail* Localisation du projet (Ville \/ Commune)* 2. Type de solution souhait\u00e9e Conteneur BureauConteneur BoutiqueConteneur LogementConteneur R\u00e9fectoireConteneur WC\/DouchesConteneur TechniqueConteneur R+1Autre Pr\u00e9ciser si Autre solution souhait\u00e9e 3. Dimensions souhait\u00e9es 20 pieds40 piedsR+1 (20\/40 pieds)Autres Dimensions Pr\u00e9ciser si Autres dimensions 4. Niveau de finition StandardPremiumHaut Standing 5. Besoins Sp\u00e9cifiques ClimatisationElectricit\u00e9 compl\u00e8tePrises &amp; \u00e9clairageFausse toitureIsolation thermiquePeinture ext\u00e9rieureRev\u00eatement de solInstallation de fen\u00eatresPortes suppl\u00e9mentairesPlan d&#039;architecture (optionnel)Autres Pr\u00e9ciser si Autres besoins 6. Description du projet Exemple: Utilisation du conteneur, nombre souhait\u00e9, d\u00e9lais, contraintes du site&#8230; 7. Date souhait\u00e9e de livaison \/ installation 8. T\u00e9l\u00e9chargement de documents (optionnel) Plan \/ Photo du site \/ Cahier de charges 9. Consentement J&rsquo;accepte d&rsquo;\u00eatre contact\u00e9 par SIDEC pour finaliser mon devis.<\/p>\n","protected":false},"author":1,"featured_media":0,"parent":0,"menu_order":0,"comment_status":"closed","ping_status":"closed","template":"","meta":{"neve_meta_sidebar":"","neve_meta_container":"","neve_meta_enable_content_width":"","neve_meta_content_width":0,"neve_meta_title_alignment":"","neve_meta_author_avatar":"","neve_post_elements_order":"","neve_meta_disable_header":"","neve_meta_disable_footer":"","neve_meta_disable_title":"","footnotes":""},"class_list":["post-443","page","type-page","status-publish","hentry"],"_links":{"self":[{"href":"https:\/\/sidec-ci.net\/index.php\/wp-json\/wp\/v2\/pages\/443","targetHints":{"allow":["GET"]}}],"collection":[{"href":"https:\/\/sidec-ci.net\/index.php\/wp-json\/wp\/v2\/pages"}],"about":[{"href":"https:\/\/sidec-ci.net\/index.php\/wp-json\/wp\/v2\/types\/page"}],"author":[{"embeddable":true,"href":"https:\/\/sidec-ci.net\/index.php\/wp-json\/wp\/v2\/users\/1"}],"replies":[{"embeddable":true,"href":"https:\/\/sidec-ci.net\/index.php\/wp-json\/wp\/v2\/comments?post=443"}],"version-history":[{"count":8,"href":"https:\/\/sidec-ci.net\/index.php\/wp-json\/wp\/v2\/pages\/443\/revisions"}],"predecessor-version":[{"id":467,"href":"https:\/\/sidec-ci.net\/index.php\/wp-json\/wp\/v2\/pages\/443\/revisions\/467"}],"wp:attachment":[{"href":"https:\/\/sidec-ci.net\/index.php\/wp-json\/wp\/v2\/media?parent=443"}],"curies":[{"name":"wp","href":"https:\/\/api.w.org\/{rel}","templated":true}]}}