{"id":453,"date":"2026-03-16T15:42:35","date_gmt":"2026-03-16T15:42:35","guid":{"rendered":"https:\/\/sidec-ci.net\/?page_id=453"},"modified":"2026-03-16T16:20:45","modified_gmt":"2026-03-16T16:20:45","slug":"devis-groupes-electrogenes","status":"publish","type":"page","link":"https:\/\/sidec-ci.net\/index.php\/devis-groupes-electrogenes\/","title":{"rendered":"Devis &#8211; Groupes Electrog\u00e8nes"},"content":{"rendered":"\t\t<div data-elementor-type=\"wp-page\" data-elementor-id=\"453\" class=\"elementor elementor-453\" data-elementor-settings=\"{&quot;ha_cmc_init_switcher&quot;:&quot;no&quot;}\">\n\t\t\t\t<div class=\"elementor-element elementor-element-189d3925 e-flex e-con-boxed wpr-particle-no wpr-jarallax-no wpr-parallax-no wpr-sticky-section-no e-con e-parent\" data-id=\"189d3925\" data-element_type=\"container\" data-settings=\"{&quot;background_background&quot;:&quot;classic&quot;,&quot;_ha_eqh_enable&quot;:false}\">\n\t\t\t\t\t<div class=\"e-con-inner\">\n\t\t<div class=\"elementor-element elementor-element-7b513bbf e-con-full e-flex wpr-particle-no wpr-jarallax-no wpr-parallax-no wpr-sticky-section-no e-con e-child\" data-id=\"7b513bbf\" data-element_type=\"container\" data-settings=\"{&quot;background_background&quot;:&quot;classic&quot;,&quot;_ha_eqh_enable&quot;:false}\">\n\t\t\t\t<div class=\"elementor-element elementor-element-61de9917 elementor-widget elementor-widget-elementskit-heading\" data-id=\"61de9917\" data-element_type=\"widget\" data-widget_type=\"elementskit-heading.default\">\n\t\t\t\t\t<div class=\"ekit-wid-con\" ><div class=\"ekit-heading elementskit-section-title-wraper text_left   ekit_heading_tablet-   ekit_heading_mobile-\"><div class=\"ekit_heading_separetor_wraper ekit_heading_elementskit-border-divider elementskit-style-long\"><div class=\"elementskit-border-divider elementskit-style-long\"><\/div><\/div><h2 class=\"ekit-heading--title elementskit-section-title \">DEMANDE DE DEVIS - <\/h2>\t\t\t\t<div class='ekit-heading__description'>\n\t\t\t\t\t<p>Groupes Electrog\u00e8nes<\/p>\n\t\t\t\t<\/div>\n\t\t\t<\/div><\/div>\t\t\t\t<\/div>\n\t\t\t\t<div class=\"elementor-element elementor-element-a20f3d3 eael-contact-form-7-button-align-left eael-contact-form-7-button-custom elementor-widget elementor-widget-eael-contact-form-7\" data-id=\"a20f3d3\" data-element_type=\"widget\" data-widget_type=\"eael-contact-form-7.default\">\n\t\t\t\t\t<div class=\"eael-contact-form-7-wrapper\">\n                <div class=\"eael-contact-form eael-contact-form-7 eael-contact-form-a20f3d3 placeholder-show eael-contact-form-align-default\">\n<div class=\"wpcf7 no-js\" id=\"wpcf7-f452-o1\" lang=\"fr-FR\" dir=\"ltr\" data-wpcf7-id=\"452\">\n<div class=\"screen-reader-response\"><p role=\"status\" aria-live=\"polite\" aria-atomic=\"true\"><\/p> <ul><\/ul><\/div>\n<form action=\"\/index.php\/wp-json\/wp\/v2\/pages\/453#wpcf7-f452-o1\" method=\"post\" class=\"wpcf7-form init\" aria-label=\"Formulaire de contact\" enctype=\"multipart\/form-data\" novalidate=\"novalidate\" data-status=\"init\">\n<fieldset class=\"hidden-fields-container\"><input type=\"hidden\" name=\"_wpcf7\" value=\"452\" \/><input type=\"hidden\" name=\"_wpcf7_version\" value=\"6.1.4\" \/><input type=\"hidden\" name=\"_wpcf7_locale\" value=\"fr_FR\" \/><input type=\"hidden\" name=\"_wpcf7_unit_tag\" value=\"wpcf7-f452-o1\" \/><input type=\"hidden\" name=\"_wpcf7_container_post\" value=\"0\" \/><input type=\"hidden\" name=\"_wpcf7_posted_data_hash\" value=\"\" \/>\n<\/fieldset>\n<p><label> Objet<br \/>\n<span class=\"wpcf7-form-control-wrap\" data-name=\"your-subject\"><input size=\"40\" maxlength=\"400\" class=\"wpcf7-form-control wpcf7-text wpcf7-validates-as-required\" aria-required=\"true\" aria-invalid=\"false\" value=\"\" type=\"text\" name=\"your-subject\" \/><\/span> <\/label>\n<\/p>\n<h5 style=\"color: orange;\">1. Informations personnelles\n<\/h5>\n<p><label> Nom et Pr\u00e9nom*<br \/>\n<span class=\"wpcf7-form-control-wrap\" data-name=\"your-name\"><input size=\"40\" maxlength=\"400\" class=\"wpcf7-form-control wpcf7-text wpcf7-validates-as-required\" autocomplete=\"name\" aria-required=\"true\" aria-invalid=\"false\" value=\"\" type=\"text\" name=\"your-name\" \/><\/span> <\/label>\n<\/p>\n<p><label> Entreprise \/ Organisation (optionnel)<br \/>\n<span class=\"wpcf7-form-control-wrap\" data-name=\"text-453\"><input size=\"40\" maxlength=\"400\" class=\"wpcf7-form-control wpcf7-text\" aria-invalid=\"false\" value=\"\" type=\"text\" name=\"text-453\" \/><\/span> <\/label>\n<\/p>\n<p><label> Fonction (optionnel)<br \/>\n<span class=\"wpcf7-form-control-wrap\" data-name=\"text-165\"><input size=\"40\" maxlength=\"400\" class=\"wpcf7-form-control wpcf7-text\" aria-invalid=\"false\" value=\"\" type=\"text\" name=\"text-165\" \/><\/span> <\/label>\n<\/p>\n<p><label> T\u00e9l\u00e9phone*<br \/>\n<span class=\"wpcf7-form-control-wrap\" data-name=\"tel-88\"><input size=\"40\" maxlength=\"400\" class=\"wpcf7-form-control wpcf7-tel wpcf7-validates-as-required wpcf7-text wpcf7-validates-as-tel\" aria-required=\"true\" aria-invalid=\"false\" value=\"\" type=\"tel\" name=\"tel-88\" \/><\/span> <\/label>\n<\/p>\n<p><label> E-mail*<br \/>\n<span class=\"wpcf7-form-control-wrap\" data-name=\"your-email\"><input size=\"40\" maxlength=\"400\" class=\"wpcf7-form-control wpcf7-email wpcf7-validates-as-required wpcf7-text wpcf7-validates-as-email\" autocomplete=\"email\" aria-required=\"true\" aria-invalid=\"false\" value=\"\" type=\"email\" name=\"your-email\" \/><\/span> <\/label>\n<\/p>\n<p><label> Localisation du projet (Ville \/ Commune)*<br \/>\n<span class=\"wpcf7-form-control-wrap\" data-name=\"text-418\"><input size=\"40\" maxlength=\"400\" class=\"wpcf7-form-control wpcf7-text wpcf7-validates-as-required\" aria-required=\"true\" aria-invalid=\"false\" value=\"\" type=\"text\" name=\"text-418\" \/><\/span> <\/label>\n<\/p>\n<h5 style=\"color: orange;\">2. Type de besoin\n<\/h5>\n<p><span class=\"wpcf7-form-control-wrap\" data-name=\"checkbox-300\"><span class=\"wpcf7-form-control wpcf7-checkbox wpcf7-validates-as-required\"><span class=\"wpcf7-list-item first\"><label><input type=\"checkbox\" name=\"checkbox-300[]\" value=\"Achat de groupe \u00e9lectrog\u00e8ne\" \/><span class=\"wpcf7-list-item-label\">Achat de groupe \u00e9lectrog\u00e8ne<\/span><\/label><\/span><span class=\"wpcf7-list-item\"><label><input type=\"checkbox\" name=\"checkbox-300[]\" value=\"Location de groupe \u00e9lectrog\u00e8ne\" \/><span class=\"wpcf7-list-item-label\">Location de groupe \u00e9lectrog\u00e8ne<\/span><\/label><\/span><span class=\"wpcf7-list-item\"><label><input type=\"checkbox\" name=\"checkbox-300[]\" value=\"Maitenance \/ Entretien\" \/><span class=\"wpcf7-list-item-label\">Maitenance \/ Entretien<\/span><\/label><\/span><span class=\"wpcf7-list-item last\"><label><input type=\"checkbox\" name=\"checkbox-300[]\" value=\"Installation compl\u00e8te (inclus c\u00e2blage &amp; ATS)\" \/><span class=\"wpcf7-list-item-label\">Installation compl\u00e8te (inclus c\u00e2blage &amp; ATS)<\/span><\/label><\/span><\/span><\/span>\n<\/p>\n<h5 style=\"color: orange;\">3. Puissance souhait\u00e9e\n<\/h5>\n<p><span class=\"wpcf7-form-control-wrap\" data-name=\"radio-102\"><span class=\"wpcf7-form-control wpcf7-radio\"><span class=\"wpcf7-list-item first\"><label><input type=\"radio\" name=\"radio-102\" value=\"5 - 20 kVA\" \/><span class=\"wpcf7-list-item-label\">5 - 20 kVA<\/span><\/label><\/span><span class=\"wpcf7-list-item\"><label><input type=\"radio\" name=\"radio-102\" value=\"20 - 45 kVA\" \/><span class=\"wpcf7-list-item-label\">20 - 45 kVA<\/span><\/label><\/span><span class=\"wpcf7-list-item\"><label><input type=\"radio\" name=\"radio-102\" value=\"45 - 100 kVA\" \/><span class=\"wpcf7-list-item-label\">45 - 100 kVA<\/span><\/label><\/span><span class=\"wpcf7-list-item\"><label><input type=\"radio\" name=\"radio-102\" value=\"100 - 250 kVA\" \/><span class=\"wpcf7-list-item-label\">100 - 250 kVA<\/span><\/label><\/span><span class=\"wpcf7-list-item last\"><label><input type=\"radio\" name=\"radio-102\" value=\"Plus de 250 kVA\" \/><span class=\"wpcf7-list-item-label\">Plus de 250 kVA<\/span><\/label><\/span><\/span><\/span>\n<\/p>\n<p><label> Pr\u00e9ciser la puissance<br \/>\n<span class=\"wpcf7-form-control-wrap\" data-name=\"text-351\"><input size=\"40\" maxlength=\"400\" class=\"wpcf7-form-control wpcf7-text\" aria-invalid=\"false\" value=\"\" type=\"text\" name=\"text-351\" \/><\/span> <\/label>\n<\/p>\n<h5 style=\"color: orange;\">4. Type de carburant\n<\/h5>\n<p><span class=\"wpcf7-form-control-wrap\" data-name=\"checkbox-563\"><span class=\"wpcf7-form-control wpcf7-checkbox wpcf7-validates-as-required\"><span class=\"wpcf7-list-item first\"><label><input type=\"checkbox\" name=\"checkbox-563[]\" value=\"Diesel\" \/><span class=\"wpcf7-list-item-label\">Diesel<\/span><\/label><\/span><span class=\"wpcf7-list-item\"><label><input type=\"checkbox\" name=\"checkbox-563[]\" value=\"Essence\" \/><span class=\"wpcf7-list-item-label\">Essence<\/span><\/label><\/span><span class=\"wpcf7-list-item last\"><label><input type=\"checkbox\" name=\"checkbox-563[]\" value=\"Ne sais pas (besoin de recommandation)\" \/><span class=\"wpcf7-list-item-label\">Ne sais pas (besoin de recommandation)<\/span><\/label><\/span><\/span><\/span>\n<\/p>\n<h5 style=\"color: orange;\">5. Usage pr\u00e9vu\n<\/h5>\n<p><span class=\"wpcf7-form-control-wrap\" data-name=\"checkbox-461\"><span class=\"wpcf7-form-control wpcf7-checkbox wpcf7-validates-as-required\"><span class=\"wpcf7-list-item first\"><label><input type=\"checkbox\" name=\"checkbox-461[]\" value=\"Maison\" \/><span class=\"wpcf7-list-item-label\">Maison<\/span><\/label><\/span><span class=\"wpcf7-list-item\"><label><input type=\"checkbox\" name=\"checkbox-461[]\" value=\"Bureau\" \/><span class=\"wpcf7-list-item-label\">Bureau<\/span><\/label><\/span><span class=\"wpcf7-list-item\"><label><input type=\"checkbox\" name=\"checkbox-461[]\" value=\"Industrie\" \/><span class=\"wpcf7-list-item-label\">Industrie<\/span><\/label><\/span><span class=\"wpcf7-list-item\"><label><input type=\"checkbox\" name=\"checkbox-461[]\" value=\"Chantier\" \/><span class=\"wpcf7-list-item-label\">Chantier<\/span><\/label><\/span><span class=\"wpcf7-list-item\"><label><input type=\"checkbox\" name=\"checkbox-461[]\" value=\"Commerce\" \/><span class=\"wpcf7-list-item-label\">Commerce<\/span><\/label><\/span><span class=\"wpcf7-list-item\"><label><input type=\"checkbox\" name=\"checkbox-461[]\" value=\"Ev\u00e8nement\" \/><span class=\"wpcf7-list-item-label\">Ev\u00e8nement<\/span><\/label><\/span><span class=\"wpcf7-list-item last\"><label><input type=\"checkbox\" name=\"checkbox-461[]\" value=\"Autre\" \/><span class=\"wpcf7-list-item-label\">Autre<\/span><\/label><\/span><\/span><\/span>\n<\/p>\n<p><label> Pr\u00e9ciser si Autres usages<br \/>\n<span class=\"wpcf7-form-control-wrap\" data-name=\"text-349\"><input size=\"40\" maxlength=\"400\" class=\"wpcf7-form-control wpcf7-text\" aria-invalid=\"false\" value=\"\" type=\"text\" name=\"text-349\" \/><\/span> <\/label>\n<\/p>\n<h5 style=\"color: orange;\">6. Autres options\n<\/h5>\n<p><span class=\"wpcf7-form-control-wrap\" data-name=\"select-232\"><select class=\"wpcf7-form-control wpcf7-select\" aria-invalid=\"false\" name=\"select-232\"><option value=\"ATS \/ Inverseur automatique\">ATS \/ Inverseur automatique<\/option><option value=\"Armoire de commande\">Armoire de commande<\/option><option value=\"G\u00e9n\u00e9rateur insonoris\u00e9\">G\u00e9n\u00e9rateur insonoris\u00e9<\/option><option value=\"Installation &amp; c\u00e2blage\">Installation &amp; c\u00e2blage<\/option><option value=\"Livraison sur site\">Livraison sur site<\/option><option value=\"Autre\">Autre<\/option><\/select><\/span>\n<\/p>\n<p><label> Pr\u00e9ciser si Autres options<br \/>\n<span class=\"wpcf7-form-control-wrap\" data-name=\"text-450\"><input size=\"40\" maxlength=\"400\" class=\"wpcf7-form-control wpcf7-text\" aria-invalid=\"false\" value=\"\" type=\"text\" name=\"text-450\" \/><\/span> <\/label>\n<\/p>\n<h5 style=\"color: orange;\">7. Description de la demande\n<\/h5>\n<p><label> Exemple: Fr\u00e9quence des coupures, puissance actuelle utilis\u00e9e, dur\u00e9e d'utilisation souhait\u00e9e, contraintes particuli\u00e8res...<br \/>\n<span class=\"wpcf7-form-control-wrap\" data-name=\"your-message\"><textarea cols=\"40\" rows=\"10\" maxlength=\"2000\" class=\"wpcf7-form-control wpcf7-textarea wpcf7-validates-as-required\" aria-required=\"true\" aria-invalid=\"false\" name=\"your-message\"><\/textarea><\/span> <\/label>\n<\/p>\n<h5 style=\"color: orange;\">8. Documents \u00e0 t\u00e9l\u00e9charger (optionnel) Plan du site d'installation \/ Cahier de charges \/ Plan \u00e9lectrique\n<\/h5>\n<p><span class=\"wpcf7-form-control-wrap\" data-name=\"file-829\"><input size=\"40\" class=\"wpcf7-form-control wpcf7-file\" accept=\"audio\/*,video\/*,image\/*\" aria-invalid=\"false\" type=\"file\" name=\"file-829\" \/><\/span>\n<\/p>\n<h5 style=\"color: orange;\">9. Consentement\n<\/h5>\n<p><span class=\"wpcf7-form-control-wrap\" data-name=\"acceptance-786\"><span class=\"wpcf7-form-control wpcf7-acceptance optional\"><span class=\"wpcf7-list-item\"><label><input type=\"checkbox\" name=\"acceptance-786\" value=\"1\" aria-invalid=\"false\" \/><span class=\"wpcf7-list-item-label\">J'accepte d'\u00eatre contact\u00e9 par SIDEC pour finaliser mon devis.<\/span><\/label><\/span><\/span><\/span>\n<\/p>\n<p><input class=\"wpcf7-form-control wpcf7-submit has-spinner\" type=\"submit\" value=\"Demander mon devis\" \/>\n<\/p><div class=\"wpcf7-response-output\" aria-hidden=\"true\"><\/div>\n<\/form>\n<\/div>\n<\/div>\n            <\/div>\t\t\t\t<\/div>\n\t\t\t\t<\/div>\n\t\t\t\t\t<\/div>\n\t\t\t\t<\/div>\n\t\t\t\t<\/div>\n\t\t","protected":false},"excerpt":{"rendered":"<p>DEMANDE DE DEVIS &#8211; Groupes Electrog\u00e8nes Objet 1. Informations personnelles Nom et Pr\u00e9nom* Entreprise \/ Organisation (optionnel) Fonction (optionnel) T\u00e9l\u00e9phone* E-mail* Localisation du projet (Ville \/ Commune)* 2. Type de besoin Achat de groupe \u00e9lectrog\u00e8neLocation de groupe \u00e9lectrog\u00e8neMaitenance \/ EntretienInstallation compl\u00e8te (inclus c\u00e2blage &amp; ATS) 3. Puissance souhait\u00e9e 5 &#8211; 20 kVA20 &#8211; 45 kVA45 &#8211; 100 kVA100 &#8211; 250 kVAPlus de 250 kVA Pr\u00e9ciser si Plus de 250 kVA 4. Type de carburant DieselEssenceNe sais pas (besoin de recommandation) 5. Usage pr\u00e9vu MaisonBureauIndustrieChantierCommerceEv\u00e8nementAutre Pr\u00e9ciser si Autres usages 6. Autres options ATS \/ Inverseur automatiqueArmoire de commandeG\u00e9n\u00e9rateur insonoris\u00e9Installation &amp; c\u00e2blageLivraison sur siteAutre Pr\u00e9ciser si Autres options 7. Description de la demande Exemple: Fr\u00e9quence des coupures, puissance actuelle utilis\u00e9e, dur\u00e9e d&rsquo;utilisation souhait\u00e9e, contraintes particuli\u00e8res&#8230; 8. Documents \u00e0 t\u00e9l\u00e9charger (optionnel) Plan du site d&rsquo;installation \/ Cahier de charges \/ Plan \u00e9lectrique 9. Consentement J&rsquo;accepte d&rsquo;\u00eatre contact\u00e9 par SIDEC pour finaliser mon devis.<\/p>\n","protected":false},"author":1,"featured_media":0,"parent":0,"menu_order":0,"comment_status":"closed","ping_status":"closed","template":"","meta":{"neve_meta_sidebar":"","neve_meta_container":"","neve_meta_enable_content_width":"","neve_meta_content_width":0,"neve_meta_title_alignment":"","neve_meta_author_avatar":"","neve_post_elements_order":"","neve_meta_disable_header":"","neve_meta_disable_footer":"","neve_meta_disable_title":"","footnotes":""},"class_list":["post-453","page","type-page","status-publish","hentry"],"_links":{"self":[{"href":"https:\/\/sidec-ci.net\/index.php\/wp-json\/wp\/v2\/pages\/453","targetHints":{"allow":["GET"]}}],"collection":[{"href":"https:\/\/sidec-ci.net\/index.php\/wp-json\/wp\/v2\/pages"}],"about":[{"href":"https:\/\/sidec-ci.net\/index.php\/wp-json\/wp\/v2\/types\/page"}],"author":[{"embeddable":true,"href":"https:\/\/sidec-ci.net\/index.php\/wp-json\/wp\/v2\/users\/1"}],"replies":[{"embeddable":true,"href":"https:\/\/sidec-ci.net\/index.php\/wp-json\/wp\/v2\/comments?post=453"}],"version-history":[{"count":7,"href":"https:\/\/sidec-ci.net\/index.php\/wp-json\/wp\/v2\/pages\/453\/revisions"}],"predecessor-version":[{"id":464,"href":"https:\/\/sidec-ci.net\/index.php\/wp-json\/wp\/v2\/pages\/453\/revisions\/464"}],"wp:attachment":[{"href":"https:\/\/sidec-ci.net\/index.php\/wp-json\/wp\/v2\/media?parent=453"}],"curies":[{"name":"wp","href":"https:\/\/api.w.org\/{rel}","templated":true}]}}